{"id":1161,"date":"2018-12-25T12:56:30","date_gmt":"2018-12-25T12:56:30","guid":{"rendered":"http:\/\/woodenhousevukelic.com\/en\/?page_id=1161"},"modified":"2019-02-24T17:58:34","modified_gmt":"2019-02-24T17:58:34","slug":"o-nama-eng","status":"publish","type":"page","link":"https:\/\/woodenhousevukelic.com\/en\/o-nama-eng\/","title":{"rendered":"O nama\/ENG"},"content":{"rendered":"","protected":false},"excerpt":{"rendered":"","protected":false},"author":2,"featured_media":0,"parent":0,"menu_order":0,"comment_status":"closed","ping_status":"closed","template":"","meta":[],"yoast_head":"<!-- This site is optimized with the Yoast SEO plugin v16.2 - https:\/\/yoast.com\/wordpress\/plugins\/seo\/ -->\n<title>Saznajte \u0160to Vas \u010ceka u Prirodi Zagorja - Wooden House Vukeli\u0107<\/title>\n<meta name=\"description\" content=\"Na\u0161a jedinstvena ponuda za odmor u Zagorju uklju\u010duje i 2 karte za Terme Jezer\u010dicu koje su udaljene svega 800m Idealno za vikend bez stresa sa voljenima\" \/>\n<meta name=\"robots\" content=\"index, follow, max-snippet:-1, max-image-preview:large, max-video-preview:-1\" \/>\n<link rel=\"canonical\" href=\"https:\/\/woodenhousevukelic.com\/en\/o-nama-eng\/\" \/>\n<meta property=\"og:locale\" content=\"en_US\" \/>\n<meta property=\"og:type\" content=\"article\" \/>\n<meta property=\"og:title\" content=\"Saznajte \u0160to Vas \u010ceka u Prirodi Zagorja - Wooden House Vukeli\u0107\" \/>\n<meta property=\"og:description\" content=\"Na\u0161a jedinstvena ponuda za odmor u Zagorju uklju\u010duje i 2 karte za Terme Jezer\u010dicu koje su udaljene svega 800m Idealno za vikend bez stresa sa voljenima\" \/>\n<meta property=\"og:url\" content=\"https:\/\/woodenhousevukelic.com\/en\/o-nama-eng\/\" \/>\n<meta property=\"og:site_name\" content=\"WoodenHouse Vukelic\" \/>\n<meta property=\"article:publisher\" content=\"https:\/\/www.facebook.com\/Ku%c4%87a-za-odmor-Vukeli%c4%87-580892772115200\/?ref=bookmarks\" \/>\n<meta property=\"article:modified_time\" content=\"2019-02-24T17:58:34+00:00\" \/>\n<meta name=\"twitter:card\" content=\"summary\" \/>\n<script type=\"application\/ld+json\" class=\"yoast-schema-graph\">{\"@context\":\"https:\/\/schema.org\",\"@graph\":[{\"@type\":\"WebSite\",\"@id\":\"http:\/\/woodenhousevukelic.com\/en\/#website\",\"url\":\"http:\/\/woodenhousevukelic.com\/en\/\",\"name\":\"WoodenHouse Vukelic\",\"description\":\"Vacation House For Rent\",\"potentialAction\":[{\"@type\":\"SearchAction\",\"target\":\"http:\/\/woodenhousevukelic.com\/en\/?s={search_term_string}\",\"query-input\":\"required name=search_term_string\"}],\"inLanguage\":\"en-US\"},{\"@type\":\"WebPage\",\"@id\":\"https:\/\/woodenhousevukelic.com\/en\/o-nama-eng\/#webpage\",\"url\":\"https:\/\/woodenhousevukelic.com\/en\/o-nama-eng\/\",\"name\":\"Saznajte \\u0160to Vas \\u010ceka u Prirodi Zagorja - Wooden House Vukeli\\u0107\",\"isPartOf\":{\"@id\":\"http:\/\/woodenhousevukelic.com\/en\/#website\"},\"datePublished\":\"2018-12-25T12:56:30+00:00\",\"dateModified\":\"2019-02-24T17:58:34+00:00\",\"description\":\"Na\\u0161a jedinstvena ponuda za odmor u Zagorju uklju\\u010duje i 2 karte za Terme Jezer\\u010dicu koje su udaljene svega 800m Idealno za vikend bez stresa sa voljenima\",\"breadcrumb\":{\"@id\":\"https:\/\/woodenhousevukelic.com\/en\/o-nama-eng\/#breadcrumb\"},\"inLanguage\":\"en-US\",\"potentialAction\":[{\"@type\":\"ReadAction\",\"target\":[\"https:\/\/woodenhousevukelic.com\/en\/o-nama-eng\/\"]}]},{\"@type\":\"BreadcrumbList\",\"@id\":\"https:\/\/woodenhousevukelic.com\/en\/o-nama-eng\/#breadcrumb\",\"itemListElement\":[{\"@type\":\"ListItem\",\"position\":1,\"item\":{\"@type\":\"WebPage\",\"@id\":\"http:\/\/woodenhousevukelic.com\/en\/\",\"url\":\"http:\/\/woodenhousevukelic.com\/en\/\",\"name\":\"Home\"}},{\"@type\":\"ListItem\",\"position\":2,\"item\":{\"@id\":\"https:\/\/woodenhousevukelic.com\/en\/o-nama-eng\/#webpage\"}}]}]}<\/script>\n<!-- \/ Yoast SEO plugin. -->","_links":{"self":[{"href":"https:\/\/woodenhousevukelic.com\/en\/wp-json\/wp\/v2\/pages\/1161"}],"collection":[{"href":"https:\/\/woodenhousevukelic.com\/en\/wp-json\/wp\/v2\/pages"}],"about":[{"href":"https:\/\/woodenhousevukelic.com\/en\/wp-json\/wp\/v2\/types\/page"}],"author":[{"embeddable":true,"href":"https:\/\/woodenhousevukelic.com\/en\/wp-json\/wp\/v2\/users\/2"}],"replies":[{"embeddable":true,"href":"https:\/\/woodenhousevukelic.com\/en\/wp-json\/wp\/v2\/comments?post=1161"}],"version-history":[{"count":3,"href":"https:\/\/woodenhousevukelic.com\/en\/wp-json\/wp\/v2\/pages\/1161\/revisions"}],"predecessor-version":[{"id":1273,"href":"https:\/\/woodenhousevukelic.com\/en\/wp-json\/wp\/v2\/pages\/1161\/revisions\/1273"}],"wp:attachment":[{"href":"https:\/\/woodenhousevukelic.com\/en\/wp-json\/wp\/v2\/media?parent=1161"}],"curies":[{"name":"wp","href":"https:\/\/api.w.org\/{rel}","templated":true}]}}