{"id":1155,"date":"2018-12-25T12:56:49","date_gmt":"2018-12-25T12:56:49","guid":{"rendered":"http:\/\/woodenhousevukelic.com\/en\/?page_id=1155"},"modified":"2019-02-24T17:57:24","modified_gmt":"2019-02-24T17:57:24","slug":"family-vacation","status":"publish","type":"page","link":"https:\/\/woodenhousevukelic.com\/en\/family-vacation\/","title":{"rendered":"Smje\u0161taj za obitelj\/ENG"},"content":{"rendered":"","protected":false},"excerpt":{"rendered":"","protected":false},"author":2,"featured_media":0,"parent":0,"menu_order":0,"comment_status":"closed","ping_status":"closed","template":"","meta":[],"yoast_head":"<!-- This site is optimized with the Yoast SEO plugin v16.2 - https:\/\/yoast.com\/wordpress\/plugins\/seo\/ -->\n<title>Savr\u0161en Odmor za Cijelu Obitelj - Wooden House Vukeli\u0107<\/title>\n<meta name=\"description\" content=\"Djeca su oduvijek bila na\u0161e najve\u0107e blago. Mi smatramo da ih stoga tako treba i tretirati te im pru\u017eiti jedinstven do\u017eivljaj bivanja u drvenoj ku\u0107i u \u0161umi.\" \/>\n<meta name=\"robots\" content=\"index, follow, max-snippet:-1, max-image-preview:large, max-video-preview:-1\" \/>\n<link rel=\"canonical\" href=\"http:\/\/woodenhousevukelic.com\/en\/family-vacation\/\" \/>\n<meta property=\"og:locale\" content=\"en_US\" \/>\n<meta property=\"og:type\" content=\"article\" \/>\n<meta property=\"og:title\" content=\"Savr\u0161en Odmor za Cijelu Obitelj - Wooden House Vukeli\u0107\" \/>\n<meta property=\"og:description\" content=\"Djeca su oduvijek bila na\u0161e najve\u0107e blago. Mi smatramo da ih stoga tako treba i tretirati te im pru\u017eiti jedinstven do\u017eivljaj bivanja u drvenoj ku\u0107i u \u0161umi.\" \/>\n<meta property=\"og:url\" content=\"http:\/\/woodenhousevukelic.com\/en\/family-vacation\/\" \/>\n<meta property=\"og:site_name\" content=\"WoodenHouse Vukelic\" \/>\n<meta property=\"article:publisher\" content=\"https:\/\/www.facebook.com\/Ku%c4%87a-za-odmor-Vukeli%c4%87-580892772115200\/?ref=bookmarks\" \/>\n<meta property=\"article:modified_time\" content=\"2019-02-24T17:57:24+00:00\" \/>\n<meta name=\"twitter:card\" content=\"summary\" \/>\n<script type=\"application\/ld+json\" class=\"yoast-schema-graph\">{\"@context\":\"https:\/\/schema.org\",\"@graph\":[{\"@type\":\"WebSite\",\"@id\":\"https:\/\/woodenhousevukelic.com\/en\/#website\",\"url\":\"https:\/\/woodenhousevukelic.com\/en\/\",\"name\":\"WoodenHouse Vukelic\",\"description\":\"Vacation House For Rent\",\"potentialAction\":[{\"@type\":\"SearchAction\",\"target\":\"https:\/\/woodenhousevukelic.com\/en\/?s={search_term_string}\",\"query-input\":\"required name=search_term_string\"}],\"inLanguage\":\"en-US\"},{\"@type\":\"WebPage\",\"@id\":\"http:\/\/woodenhousevukelic.com\/en\/family-vacation\/#webpage\",\"url\":\"http:\/\/woodenhousevukelic.com\/en\/family-vacation\/\",\"name\":\"Savr\\u0161en Odmor za Cijelu Obitelj - Wooden House Vukeli\\u0107\",\"isPartOf\":{\"@id\":\"https:\/\/woodenhousevukelic.com\/en\/#website\"},\"datePublished\":\"2018-12-25T12:56:49+00:00\",\"dateModified\":\"2019-02-24T17:57:24+00:00\",\"description\":\"Djeca su oduvijek bila na\\u0161e najve\\u0107e blago. Mi smatramo da ih stoga tako treba i tretirati te im pru\\u017eiti jedinstven do\\u017eivljaj bivanja u drvenoj ku\\u0107i u \\u0161umi.\",\"breadcrumb\":{\"@id\":\"http:\/\/woodenhousevukelic.com\/en\/family-vacation\/#breadcrumb\"},\"inLanguage\":\"en-US\",\"potentialAction\":[{\"@type\":\"ReadAction\",\"target\":[\"http:\/\/woodenhousevukelic.com\/en\/family-vacation\/\"]}]},{\"@type\":\"BreadcrumbList\",\"@id\":\"http:\/\/woodenhousevukelic.com\/en\/family-vacation\/#breadcrumb\",\"itemListElement\":[{\"@type\":\"ListItem\",\"position\":1,\"item\":{\"@type\":\"WebPage\",\"@id\":\"https:\/\/woodenhousevukelic.com\/en\/\",\"url\":\"https:\/\/woodenhousevukelic.com\/en\/\",\"name\":\"Home\"}},{\"@type\":\"ListItem\",\"position\":2,\"item\":{\"@id\":\"http:\/\/woodenhousevukelic.com\/en\/family-vacation\/#webpage\"}}]}]}<\/script>\n<!-- \/ Yoast SEO plugin. -->","_links":{"self":[{"href":"https:\/\/woodenhousevukelic.com\/en\/wp-json\/wp\/v2\/pages\/1155"}],"collection":[{"href":"https:\/\/woodenhousevukelic.com\/en\/wp-json\/wp\/v2\/pages"}],"about":[{"href":"https:\/\/woodenhousevukelic.com\/en\/wp-json\/wp\/v2\/types\/page"}],"author":[{"embeddable":true,"href":"https:\/\/woodenhousevukelic.com\/en\/wp-json\/wp\/v2\/users\/2"}],"replies":[{"embeddable":true,"href":"https:\/\/woodenhousevukelic.com\/en\/wp-json\/wp\/v2\/comments?post=1155"}],"version-history":[{"count":2,"href":"https:\/\/woodenhousevukelic.com\/en\/wp-json\/wp\/v2\/pages\/1155\/revisions"}],"predecessor-version":[{"id":1271,"href":"https:\/\/woodenhousevukelic.com\/en\/wp-json\/wp\/v2\/pages\/1155\/revisions\/1271"}],"wp:attachment":[{"href":"https:\/\/woodenhousevukelic.com\/en\/wp-json\/wp\/v2\/media?parent=1155"}],"curies":[{"name":"wp","href":"https:\/\/api.w.org\/{rel}","templated":true}]}}