{"id":1149,"date":"2018-12-25T12:57:12","date_gmt":"2018-12-25T12:57:12","guid":{"rendered":"http:\/\/woodenhousevukelic.com\/en\/?page_id=1149"},"modified":"2019-02-24T17:42:02","modified_gmt":"2019-02-24T17:42:02","slug":"romantic-getaway","status":"publish","type":"page","link":"http:\/\/woodenhousevukelic.com\/en\/romantic-getaway\/","title":{"rendered":"Romanti\u010dni izlet\/ENG"},"content":{"rendered":"","protected":false},"excerpt":{"rendered":"","protected":false},"author":2,"featured_media":0,"parent":0,"menu_order":0,"comment_status":"closed","ping_status":"closed","template":"","meta":[],"yoast_head":"<!-- This site is optimized with the Yoast SEO plugin v16.2 - https:\/\/yoast.com\/wordpress\/plugins\/seo\/ -->\n<title>Romanti\u010dni izlet u Zagorje - Wooden House Vukeli\u0107<\/title>\n<meta name=\"description\" content=\"Odmor za dvoje u samo\u0107i \u0161ume na samo 800m od Termi Jezer\u010dica.Pru\u017eite scojoj boljoj polovici odmor iz bajka u srcu Zagorja. Karte za Terme uklju\u010dene u cijenu\" \/>\n<meta name=\"robots\" content=\"index, follow, max-snippet:-1, max-image-preview:large, max-video-preview:-1\" \/>\n<link rel=\"canonical\" href=\"https:\/\/woodenhousevukelic.com\/en\/romantic-getaway\/\" \/>\n<meta property=\"og:locale\" content=\"en_US\" \/>\n<meta property=\"og:type\" content=\"article\" \/>\n<meta property=\"og:title\" content=\"Romanti\u010dni izlet u Zagorje - Wooden House Vukeli\u0107\" \/>\n<meta property=\"og:description\" content=\"Odmor za dvoje u samo\u0107i \u0161ume na samo 800m od Termi Jezer\u010dica.Pru\u017eite scojoj boljoj polovici odmor iz bajka u srcu Zagorja. Karte za Terme uklju\u010dene u cijenu\" \/>\n<meta property=\"og:url\" content=\"https:\/\/woodenhousevukelic.com\/en\/romantic-getaway\/\" \/>\n<meta property=\"og:site_name\" content=\"WoodenHouse Vukelic\" \/>\n<meta property=\"article:publisher\" content=\"https:\/\/www.facebook.com\/Ku%c4%87a-za-odmor-Vukeli%c4%87-580892772115200\/?ref=bookmarks\" \/>\n<meta property=\"article:modified_time\" content=\"2019-02-24T17:42:02+00:00\" \/>\n<meta name=\"twitter:card\" content=\"summary\" \/>\n<script type=\"application\/ld+json\" class=\"yoast-schema-graph\">{\"@context\":\"https:\/\/schema.org\",\"@graph\":[{\"@type\":\"WebSite\",\"@id\":\"https:\/\/woodenhousevukelic.com\/en\/#website\",\"url\":\"https:\/\/woodenhousevukelic.com\/en\/\",\"name\":\"WoodenHouse Vukelic\",\"description\":\"Vacation House For Rent\",\"potentialAction\":[{\"@type\":\"SearchAction\",\"target\":\"https:\/\/woodenhousevukelic.com\/en\/?s={search_term_string}\",\"query-input\":\"required name=search_term_string\"}],\"inLanguage\":\"en-US\"},{\"@type\":\"WebPage\",\"@id\":\"https:\/\/woodenhousevukelic.com\/en\/romantic-getaway\/#webpage\",\"url\":\"https:\/\/woodenhousevukelic.com\/en\/romantic-getaway\/\",\"name\":\"Romanti\\u010dni izlet u Zagorje - Wooden House Vukeli\\u0107\",\"isPartOf\":{\"@id\":\"https:\/\/woodenhousevukelic.com\/en\/#website\"},\"datePublished\":\"2018-12-25T12:57:12+00:00\",\"dateModified\":\"2019-02-24T17:42:02+00:00\",\"description\":\"Odmor za dvoje u samo\\u0107i \\u0161ume na samo 800m od Termi Jezer\\u010dica.Pru\\u017eite scojoj boljoj polovici odmor iz bajka u srcu Zagorja. Karte za Terme uklju\\u010dene u cijenu\",\"breadcrumb\":{\"@id\":\"https:\/\/woodenhousevukelic.com\/en\/romantic-getaway\/#breadcrumb\"},\"inLanguage\":\"en-US\",\"potentialAction\":[{\"@type\":\"ReadAction\",\"target\":[\"https:\/\/woodenhousevukelic.com\/en\/romantic-getaway\/\"]}]},{\"@type\":\"BreadcrumbList\",\"@id\":\"https:\/\/woodenhousevukelic.com\/en\/romantic-getaway\/#breadcrumb\",\"itemListElement\":[{\"@type\":\"ListItem\",\"position\":1,\"item\":{\"@type\":\"WebPage\",\"@id\":\"https:\/\/woodenhousevukelic.com\/en\/\",\"url\":\"https:\/\/woodenhousevukelic.com\/en\/\",\"name\":\"Home\"}},{\"@type\":\"ListItem\",\"position\":2,\"item\":{\"@id\":\"https:\/\/woodenhousevukelic.com\/en\/romantic-getaway\/#webpage\"}}]}]}<\/script>\n<!-- \/ Yoast SEO plugin. -->","_links":{"self":[{"href":"http:\/\/woodenhousevukelic.com\/en\/wp-json\/wp\/v2\/pages\/1149"}],"collection":[{"href":"http:\/\/woodenhousevukelic.com\/en\/wp-json\/wp\/v2\/pages"}],"about":[{"href":"http:\/\/woodenhousevukelic.com\/en\/wp-json\/wp\/v2\/types\/page"}],"author":[{"embeddable":true,"href":"http:\/\/woodenhousevukelic.com\/en\/wp-json\/wp\/v2\/users\/2"}],"replies":[{"embeddable":true,"href":"http:\/\/woodenhousevukelic.com\/en\/wp-json\/wp\/v2\/comments?post=1149"}],"version-history":[{"count":1,"href":"http:\/\/woodenhousevukelic.com\/en\/wp-json\/wp\/v2\/pages\/1149\/revisions"}],"predecessor-version":[{"id":1245,"href":"http:\/\/woodenhousevukelic.com\/en\/wp-json\/wp\/v2\/pages\/1149\/revisions\/1245"}],"wp:attachment":[{"href":"http:\/\/woodenhousevukelic.com\/en\/wp-json\/wp\/v2\/media?parent=1149"}],"curies":[{"name":"wp","href":"https:\/\/api.w.org\/{rel}","templated":true}]}}